{"id":48,"date":"2020-08-14T21:08:18","date_gmt":"2020-08-14T19:08:18","guid":{"rendered":"https:\/\/antoinesaludo.fr\/?page_id=48"},"modified":"2020-08-15T17:35:09","modified_gmt":"2020-08-15T15:35:09","slug":"stages","status":"publish","type":"page","link":"https:\/\/antoinesaludo.fr\/?page_id=48","title":{"rendered":"Stages"},"content":{"rendered":"<div data-colibri-id=\"48-c1\" class=\"style-372 style-local-48-c1 position-relative\">\n  <!---->\n  <div data-colibri-component=\"section\" data-colibri-id=\"48-c2\" id=\"custom\" class=\"h-section h-section-global-spacing d-flex align-items-lg-center align-items-md-center align-items-center style-373 style-local-48-c2 position-relative\">\n    <!---->\n    <!---->\n    <div class=\"h-section-grid-container h-section-boxed-container\">\n      <!---->\n      <div data-colibri-id=\"48-c3\" class=\"h-row-container gutters-row-lg-2 gutters-row-md-2 gutters-row-0 gutters-row-v-lg-2 gutters-row-v-md-2 gutters-row-v-2 style-405 style-local-48-c3 position-relative\">\n        <!---->\n        <div class=\"h-row justify-content-lg-center justify-content-md-center justify-content-center align-items-lg-stretch align-items-md-stretch align-items-stretch gutters-col-lg-2 gutters-col-md-2 gutters-col-0 gutters-col-v-lg-2 gutters-col-v-md-2 gutters-col-v-2\">\n          <!---->\n          <div class=\"h-column h-column-container d-flex h-col-lg-auto h-col-md-auto h-col-auto style-406-outer style-local-48-c4-outer\">\n            <div data-colibri-id=\"48-c4\" class=\"d-flex h-flex-basis h-column__inner h-px-lg-2 h-px-md-2 h-px-2 v-inner-lg-2 v-inner-md-2 v-inner-2 style-406 style-local-48-c4 position-relative\">\n              <!---->\n              <!---->\n              <div class=\"w-100 h-y-container h-column__content h-column__v-align flex-basis-100 align-self-lg-start align-self-md-start align-self-start\">\n                <!---->\n                <div data-colibri-id=\"48-c5\" class=\"h-divider style-404 style-local-48-c5 position-relative h-element\">\n                  <!----><span class=\"h-divider__line style-404-line style-local-48-c5-line style-404-line style-local-48-c5-line\"><\/span><\/div>\n              <\/div>\n            <\/div>\n          <\/div>\n        <\/div>\n      <\/div>\n      <div data-colibri-id=\"48-c6\" class=\"h-row-container gutters-row-lg-2 gutters-row-md-2 gutters-row-0 gutters-row-v-lg-2 gutters-row-v-md-2 gutters-row-v-2 style-374 style-local-48-c6 position-relative\">\n        <!---->\n        <div class=\"h-row justify-content-lg-center justify-content-md-center justify-content-center align-items-lg-stretch align-items-md-stretch align-items-stretch gutters-col-lg-2 gutters-col-md-2 gutters-col-0 gutters-col-v-lg-2 gutters-col-v-md-2 gutters-col-v-2\">\n          <!---->\n          <div class=\"h-column h-column-container d-flex h-col-lg-auto h-col-md-auto h-col-auto style-375-outer style-local-48-c7-outer\">\n            <div data-colibri-id=\"48-c7\" class=\"d-flex h-flex-basis h-column__inner h-px-lg-2 h-px-md-2 h-px-2 v-inner-lg-2 v-inner-md-2 v-inner-2 style-375 style-local-48-c7 position-relative\">\n              <!---->\n              <!---->\n              <div class=\"w-100 h-y-container h-column__content h-column__v-align flex-basis-100 align-self-lg-start align-self-md-start align-self-start\">\n                <!---->\n                <div data-colibri-id=\"48-c8\" class=\"h-global-transition-all h-heading style-380 style-local-48-c8 position-relative h-element\">\n                  <!---->\n                  <div class=\"h-heading__outer style-380 style-local-48-c8\">\n                    <!---->\n                    <!---->\n                    <a href=\"https:\/\/antoinesaludo.fr\/?page_id=49\" h-use-smooth-scroll=\"true\">\n                      <h4 class=\"\">Le stage r\u00e9alis\u00e9 en premi\u00e8re ann\u00e9e de BTS<\/h4>\n                    <\/a>\n                  <\/div>\n                <\/div>\n                <div data-colibri-id=\"48-c9\" class=\"h-text h-text-component style-378 style-local-48-c9 position-relative h-element\">\n                  <!---->\n                  <!---->\n                  <div class=\"\">\n                    <p><span style=\"font-family: arial, \uff4d\uff53 \uff50\u30b4\u30b7\u30c3\u30af, ms pgothic, \ub3cb\uc6c0, dotum, helvetica, sans-serif;\">Au cours de ma 1\u00e8re ann\u00e9e de BTS SIO SISR, j\u2019ai effectu\u00e9 un stage de 4 semaines au sein de la clinique Bret\u00e9ch\u00e9 situ\u00e9e dans le centre ville de Nantes.<\/span><\/p>\n                    <p><span style=\"font-family: arial, \uff4d\uff53 \uff50\u30b4\u30b7\u30c3\u30af, ms pgothic, \ub3cb\uc6c0, dotum, helvetica, sans-serif;\">La Clinique Bret\u00e9ch\u00e9 offre \u00e0 ses patient(e)s une qualit\u00e9 de soins dans des conditions d&rsquo;accueil et de confort individualis\u00e9es. Ses p\u00f4les d\u2019excellence sont leur maternit\u00e9 renomm\u00e9e, un centre de lutte contre la douleur, un p\u00f4le de r\u00e9f\u00e9rence en chirurgie, un p\u00f4le g\u00e9riatrique m\u00e9dico-chirurgical et une unit\u00e9 de surveillance continue.&nbsp;<\/span><\/p>\n                    <p><span style=\"font-family: arial, \uff4d\uff53 \uff50\u30b4\u30b7\u30c3\u30af, ms pgothic, \ub3cb\uc6c0, dotum, helvetica, sans-serif;\">Cette clinique dispose d\u2019un service informatique constitu\u00e9 de 3 salari\u00e9s :&nbsp;<\/span><\/p>\n                    <p><span style=\"font-family: arial, \uff4d\uff53 \uff50\u30b4\u30b7\u30c3\u30af, ms pgothic, \ub3cb\uc6c0, dotum, helvetica, sans-serif;\">Franck : Le responsable informatique,<\/span><\/p>\n                    <p><span style=\"font-family: arial, \uff4d\uff53 \uff50\u30b4\u30b7\u30c3\u30af, ms pgothic, \ub3cb\uc6c0, dotum, helvetica, sans-serif;\">Matthieu et Cyrille : Les administrateurs syst\u00e8mes et r\u00e9seaux.<\/span><\/p>\n                    <p><span style=\"font-family: arial, \uff4d\uff53 \uff50\u30b4\u30b7\u30c3\u30af, ms pgothic, \ub3cb\uc6c0, dotum, helvetica, sans-serif;\">Durant ce stage, j\u2019\u00e9tais en relation avec un autre stagiaire du lyc\u00e9e \u00ab&nbsp;La Colini\u00e8re&nbsp;\u00bb de Nantes. Nous avons collabor\u00e9 ensemble sur le projet que notre tuteur (Matthieu) nous a confi\u00e9.<\/span><\/p>\n                  <\/div>\n                <\/div>\n              <\/div>\n            <\/div>\n          <\/div>\n          <div class=\"h-column h-column-container d-flex h-col-lg-auto h-col-md-auto h-col-auto style-376-outer style-local-48-c10-outer\">\n            <div data-colibri-id=\"48-c10\" class=\"d-flex h-flex-basis h-column__inner h-px-lg-2 h-px-md-2 h-px-2 v-inner-lg-2 v-inner-md-2 v-inner-2 style-376 style-local-48-c10 position-relative\">\n              <!---->\n              <!---->\n              <div class=\"w-100 h-y-container h-column__content h-column__v-align flex-basis-100 align-self-lg-start align-self-md-start align-self-start\">\n                <!---->\n                <div data-colibri-id=\"48-c11\" class=\"d-block style-377 style-local-48-c11 position-relative h-element\">\n                  <!---->\n                  <div class=\"h-image__frame-container-outer\">\n                    <a href=\"https:\/\/www.clinique-breteche.fr\/\" target=\"_blank\" h-use-smooth-scroll=\"true\" class=\"image-link\" rel=\"noopener noreferrer\">\n                      <div class=\"h-image__frame-container\">\n                        <!---->\n                        <!---->\n                        <img loading=\"lazy\" decoding=\"async\" width=\"320\" height=\"80\" src=\"https:\/\/antoinesaludo.fr\/wp-content\/uploads\/2020\/08\/logo-elsan.png\" class=\"wp-image-222 style-377-image style-local-48-c11-image\" alt=\"\" srcset=\"https:\/\/antoinesaludo.fr\/wp-content\/uploads\/2020\/08\/logo-elsan.png 320w, https:\/\/antoinesaludo.fr\/wp-content\/uploads\/2020\/08\/logo-elsan-300x75.png 300w\" sizes=\"auto, (max-width: 320px) 100vw, 320px\" \/>\n                        <div class=\"h-image__frame h-hide-lg h-hide-md h-hide-sm style-377-frameImage style-local-48-c11-frameImage\"><\/div>\n                      <\/div>\n                    <\/a>\n                  <\/div>\n                <\/div>\n              <\/div>\n            <\/div>\n          <\/div>\n        <\/div>\n      <\/div>\n    <\/div>\n  <\/div>\n  <div data-colibri-component=\"section\" data-colibri-id=\"48-c12\" id=\"custom-2\" class=\"h-section h-section-global-spacing d-flex align-items-lg-center align-items-md-center align-items-center style-381 style-local-48-c12 position-relative\">\n    <!---->\n    <!---->\n    <div class=\"h-section-grid-container h-section-boxed-container\">\n      <!---->\n      <div data-colibri-id=\"48-c13\" class=\"h-row-container gutters-row-lg-2 gutters-row-md-2 gutters-row-0 gutters-row-v-lg-2 gutters-row-v-md-2 gutters-row-v-2 style-401 style-local-48-c13 position-relative\">\n        <!---->\n        <div class=\"h-row justify-content-lg-center justify-content-md-center justify-content-center align-items-lg-stretch align-items-md-stretch align-items-stretch gutters-col-lg-2 gutters-col-md-2 gutters-col-0 gutters-col-v-lg-2 gutters-col-v-md-2 gutters-col-v-2\">\n          <!---->\n          <div class=\"h-column h-column-container d-flex h-col-lg-auto h-col-md-auto h-col-auto style-402-outer style-local-48-c14-outer\">\n            <div data-colibri-id=\"48-c14\" class=\"d-flex h-flex-basis h-column__inner h-px-lg-2 h-px-md-2 h-px-2 v-inner-lg-2 v-inner-md-2 v-inner-2 style-402 style-local-48-c14 position-relative\">\n              <!---->\n              <!---->\n              <div class=\"w-100 h-y-container h-column__content h-column__v-align flex-basis-100 align-self-lg-start align-self-md-start align-self-start\">\n                <!---->\n                <div data-colibri-id=\"48-c15\" class=\"h-divider style-400 style-local-48-c15 position-relative h-element\">\n                  <!----><span class=\"h-divider__line style-400-line style-local-48-c15-line style-400-line style-local-48-c15-line\"><\/span><\/div>\n              <\/div>\n            <\/div>\n          <\/div>\n        <\/div>\n      <\/div>\n      <div data-colibri-id=\"48-c16\" class=\"h-row-container gutters-row-lg-2 gutters-row-md-2 gutters-row-0 gutters-row-v-lg-2 gutters-row-v-md-2 gutters-row-v-2 style-382 style-local-48-c16 position-relative\">\n        <!---->\n        <div class=\"h-row justify-content-lg-center justify-content-md-center justify-content-center align-items-lg-stretch align-items-md-stretch align-items-stretch gutters-col-lg-2 gutters-col-md-2 gutters-col-0 gutters-col-v-lg-2 gutters-col-v-md-2 gutters-col-v-2\">\n          <!---->\n          <div class=\"h-column h-column-container d-flex h-col-lg-auto h-col-md-auto h-col-auto style-383-outer style-local-48-c17-outer\">\n            <div data-colibri-id=\"48-c17\" class=\"d-flex h-flex-basis h-column__inner h-px-lg-2 h-px-md-2 h-px-2 v-inner-lg-2 v-inner-md-2 v-inner-2 style-383 style-local-48-c17 position-relative\">\n              <!---->\n              <!---->\n              <div class=\"w-100 h-y-container h-column__content h-column__v-align flex-basis-100 align-self-lg-start align-self-md-start align-self-start\">\n                <!---->\n                <div data-colibri-id=\"48-c18\" class=\"h-global-transition-all h-heading style-387 style-local-48-c18 position-relative h-element\">\n                  <!---->\n                  <div class=\"h-heading__outer style-387 style-local-48-c18\">\n                    <!---->\n                    <!---->\n                    <a href=\"https:\/\/antoinesaludo.fr\/?page_id=50\" h-use-smooth-scroll=\"true\">\n                      <h4 class=\"\">Le stage r\u00e9alis\u00e9 en deuxi\u00e8me ann\u00e9e de BTS<\/h4>\n                    <\/a>\n                  <\/div>\n                <\/div>\n                <div data-colibri-id=\"48-c19\" class=\"h-text h-text-component style-386 style-local-48-c19 position-relative h-element\">\n                  <!---->\n                  <!---->\n                  <div class=\"\">\n                    <p><span style=\"font-family: arial, \uff4d\uff53 \uff50\u30b4\u30b7\u30c3\u30af, ms pgothic, \ub3cb\uc6c0, dotum, helvetica, sans-serif;\">Au cours de ma 2\u00e8me deuxi\u00e8me ann\u00e9e de BTS SIO SISR, j\u2019ai effectu\u00e9 un stage de 7 semaines au sein de l\u2019entreprise YELLOW NETWORK situ\u00e9e \u00e0 La Roche Sur Yon.<\/span>&nbsp;<\/p>\n                    <p><span style=\"font-family: arial, \uff4d\uff53 \uff50\u30b4\u30b7\u30c3\u30af, ms pgothic, \ub3cb\uc6c0, dotum, helvetica, sans-serif;\">La soci\u00e9t\u00e9 YELLOW NETWORK intervient aupr\u00e8s des entreprises dans le choix, l\u2019installation et la maintenance de syst\u00e8mes informatiques. Elle propose \u00e9galement des offres de stockage sur le Cloud (messagerie, sauvegarde de donn\u00e9es,\u2026) et des \u00e9quipements pour un acc\u00e8s WiFi. Elle est charg\u00e9e de la s\u00e9curit\u00e9 des syst\u00e8mes et de la sauvegarde, de l\u2019infog\u00e9rance et de l&rsquo;h\u00e9bergement de donn\u00e9es. Elle intervient sur tout le territoire national fran\u00e7ais.<\/span>&nbsp;<\/p>\n                    <p><span style=\"font-family: arial, \uff4d\uff53 \uff50\u30b4\u30b7\u30c3\u30af, ms pgothic, \ub3cb\uc6c0, dotum, helvetica, sans-serif;\">En parall\u00e8le, l\u2019entreprise a cr\u00e9\u00e9 la marque COLOR NETWORK. Elle propose une offre de solutions de communication par affichage tactile sur bornes, pupitres et vitrines, pour les entreprises et collectivit\u00e9s.<\/span>&nbsp;<\/p>\n                    <p><span style=\"font-family: arial, \uff4d\uff53 \uff50\u30b4\u30b7\u30c3\u30af, ms pgothic, \ub3cb\uc6c0, dotum, helvetica, sans-serif;\">Durant ce stage, j\u2019\u00e9tais stagiaire sous la responsabilit\u00e9 de mon tuteur M. Fouquet.<\/span><\/p>\n                  <\/div>\n                <\/div>\n              <\/div>\n            <\/div>\n          <\/div>\n          <div class=\"h-column h-column-container d-flex h-col-lg-auto h-col-md-auto h-col-auto style-384-outer style-local-48-c20-outer\">\n            <div data-colibri-id=\"48-c20\" class=\"d-flex h-flex-basis h-column__inner h-px-lg-2 h-px-md-2 h-px-2 v-inner-lg-2 v-inner-md-2 v-inner-2 style-384 style-local-48-c20 position-relative\">\n              <!---->\n              <!---->\n              <div class=\"w-100 h-y-container h-column__content h-column__v-align flex-basis-100 align-self-lg-start align-self-md-start align-self-start\">\n                <!---->\n                <div data-colibri-id=\"48-c21\" class=\"d-block style-385 style-local-48-c21 position-relative h-element\">\n                  <!---->\n                  <div class=\"h-image__frame-container-outer\">\n                    <a href=\"https:\/\/www.yellow-network.fr\/\" target=\"_blank\" h-use-smooth-scroll=\"true\" class=\"image-link\" rel=\"noopener noreferrer\">\n                      <div class=\"h-image__frame-container\">\n                        <!---->\n                        <!---->\n                        <img loading=\"lazy\" decoding=\"async\" width=\"526\" height=\"191\" src=\"https:\/\/antoinesaludo.fr\/wp-content\/uploads\/2020\/08\/2d6709453a57cc3967f3f16c1cdae3b4_logo-.png\" class=\"wp-image-223 style-385-image style-local-48-c21-image\" alt=\"\" srcset=\"https:\/\/antoinesaludo.fr\/wp-content\/uploads\/2020\/08\/2d6709453a57cc3967f3f16c1cdae3b4_logo-.png 526w, https:\/\/antoinesaludo.fr\/wp-content\/uploads\/2020\/08\/2d6709453a57cc3967f3f16c1cdae3b4_logo--300x109.png 300w\" sizes=\"auto, (max-width: 526px) 100vw, 526px\" \/>\n                        <div class=\"h-image__frame h-hide-lg h-hide-md h-hide-sm style-385-frameImage style-local-48-c21-frameImage\"><\/div>\n                      <\/div>\n                    <\/a>\n                  <\/div>\n                <\/div>\n              <\/div>\n            <\/div>\n          <\/div>\n        <\/div>\n      <\/div>\n    <\/div>\n  <\/div>\n  <div data-colibri-component=\"section\" data-colibri-id=\"48-c22\" id=\"custom-3\" class=\"h-section h-section-global-spacing d-flex align-items-lg-center align-items-md-center align-items-center style-389 style-local-48-c22 position-relative\">\n    <!---->\n    <!---->\n    <div class=\"h-section-grid-container h-section-boxed-container\">\n      <!---->\n      <div data-colibri-id=\"48-c23\" class=\"h-row-container gutters-row-lg-2 gutters-row-md-2 gutters-row-0 gutters-row-v-lg-2 gutters-row-v-md-2 gutters-row-v-2 style-409 style-local-48-c23 position-relative\">\n        <!---->\n        <div class=\"h-row justify-content-lg-center justify-content-md-center justify-content-center align-items-lg-stretch align-items-md-stretch align-items-stretch gutters-col-lg-2 gutters-col-md-2 gutters-col-0 gutters-col-v-lg-2 gutters-col-v-md-2 gutters-col-v-2\">\n          <!---->\n          <div class=\"h-column h-column-container d-flex h-col-lg-auto h-col-md-auto h-col-auto style-410-outer style-local-48-c24-outer\">\n            <div data-colibri-id=\"48-c24\" class=\"d-flex h-flex-basis h-column__inner h-px-lg-2 h-px-md-2 h-px-2 v-inner-lg-2 v-inner-md-2 v-inner-2 style-410 style-local-48-c24 position-relative\">\n              <!---->\n              <!---->\n              <div class=\"w-100 h-y-container h-column__content h-column__v-align flex-basis-100 align-self-lg-start align-self-md-start align-self-start\">\n                <!---->\n                <div data-colibri-id=\"48-c25\" class=\"h-divider style-408 style-local-48-c25 position-relative h-element\">\n                  <!----><span class=\"h-divider__line style-408-line style-local-48-c25-line style-408-line style-local-48-c25-line\"><\/span><\/div>\n              <\/div>\n            <\/div>\n          <\/div>\n        <\/div>\n      <\/div>\n      <div data-colibri-id=\"48-c26\" class=\"h-row-container gutters-row-lg-2 gutters-row-md-2 gutters-row-0 gutters-row-v-lg-2 gutters-row-v-md-2 gutters-row-v-2 style-390 style-local-48-c26 position-relative\">\n        <!---->\n        <div class=\"h-row justify-content-lg-center justify-content-md-center justify-content-center align-items-lg-stretch align-items-md-stretch align-items-stretch gutters-col-lg-2 gutters-col-md-2 gutters-col-0 gutters-col-v-lg-2 gutters-col-v-md-2 gutters-col-v-2\">\n          <!---->\n          <div class=\"h-column h-column-container d-flex h-col-lg-auto h-col-md-auto h-col-auto style-391-outer style-local-48-c27-outer\">\n            <div data-colibri-id=\"48-c27\" class=\"d-flex h-flex-basis h-column__inner h-px-lg-2 h-px-md-2 h-px-2 v-inner-lg-2 v-inner-md-2 v-inner-2 style-391 style-local-48-c27 position-relative\">\n              <!---->\n              <!---->\n              <div class=\"w-100 h-y-container h-column__content h-column__v-align flex-basis-100 align-self-lg-start align-self-md-start align-self-start\">\n                <!---->\n                <div data-colibri-id=\"48-c28\" class=\"h-global-transition-all h-heading style-397 style-local-48-c28 position-relative h-element\">\n                  <!---->\n                  <div class=\"h-heading__outer style-397 style-local-48-c28\">\n                    <!---->\n                    <!---->\n                    <a href=\"https:\/\/antoinesaludo.fr\/?page_id=194\" h-use-smooth-scroll=\"true\">\n                      <h4 class=\"\">My heading is awesome<\/h4>\n                    <\/a>\n                  <\/div>\n                <\/div>\n                <div data-colibri-id=\"48-c29\" class=\"h-text h-text-component style-396 style-local-48-c29 position-relative h-element\">\n                  <!---->\n                  <!---->\n                  <div class=\"\">\n                    <p>Lorem ipsum dolor sit amet, at mei dolore tritani repudiandae. In his nemore temporibus consequuntur, vim ad prima vivendum consetetur. Viderer feugiat at pro, mea aperiam<\/p>\n                  <\/div>\n                <\/div>\n              <\/div>\n            <\/div>\n          <\/div>\n          <div class=\"h-column h-column-container d-flex h-col-lg-auto h-col-md-auto h-col-auto style-392-outer style-local-48-c30-outer\">\n            <div data-colibri-id=\"48-c30\" class=\"d-flex h-flex-basis h-column__inner h-px-lg-2 h-px-md-2 h-px-2 v-inner-lg-2 v-inner-md-2 v-inner-2 style-392 style-local-48-c30 position-relative\">\n              <!---->\n              <!---->\n              <div class=\"w-100 h-y-container h-column__content h-column__v-align flex-basis-100 align-self-lg-start align-self-md-start align-self-start\">\n                <!---->\n                <div data-colibri-id=\"48-c31\" class=\"d-block style-398 style-local-48-c31 position-relative h-element\">\n                  <!---->\n                  <div class=\"h-image__frame-container-outer\">\n                    <a href=\"https:\/\/www.beneteau-group.com\/\" target=\"_blank\" h-use-smooth-scroll=\"true\" class=\"image-link\" rel=\"noopener noreferrer\">\n                      <div class=\"h-image__frame-container\">\n                        <!---->\n                        <!---->\n                        <img loading=\"lazy\" decoding=\"async\" width=\"151\" height=\"101\" src=\"https:\/\/antoinesaludo.fr\/wp-content\/uploads\/2020\/08\/beneteau.png\" class=\"wp-image-224 style-398-image style-local-48-c31-image\" alt=\"\" \/>\n                        <div class=\"h-image__frame h-hide-lg h-hide-md h-hide-sm style-398-frameImage style-local-48-c31-frameImage\"><\/div>\n                      <\/div>\n                    <\/a>\n                  <\/div>\n                <\/div>\n              <\/div>\n            <\/div>\n          <\/div>\n        <\/div>\n      <\/div>\n    <\/div>\n  <\/div>\n<\/div>","protected":false},"excerpt":{"rendered":"<p>Le stage r\u00e9alis\u00e9 en premi\u00e8re ann\u00e9e de BTS Au cours de ma 1\u00e8re ann\u00e9e de BTS SIO SISR, j\u2019ai effectu\u00e9 un stage de 4 semaines au sein de la clinique Bret\u00e9ch\u00e9 situ\u00e9e dans le centre ville de Nantes. La Clinique Bret\u00e9ch\u00e9 offre \u00e0 ses patient(e)s une qualit\u00e9 de soins dans des conditions d&rsquo;accueil et de [&hellip;]<\/p>\n","protected":false},"author":1,"featured_media":0,"parent":0,"menu_order":0,"comment_status":"closed","ping_status":"closed","template":"page-templates\/full-width-page.php","meta":{"footnotes":""},"class_list":["post-48","page","type-page","status-publish","hentry"],"_links":{"self":[{"href":"https:\/\/antoinesaludo.fr\/index.php?rest_route=\/wp\/v2\/pages\/48","targetHints":{"allow":["GET"]}}],"collection":[{"href":"https:\/\/antoinesaludo.fr\/index.php?rest_route=\/wp\/v2\/pages"}],"about":[{"href":"https:\/\/antoinesaludo.fr\/index.php?rest_route=\/wp\/v2\/types\/page"}],"author":[{"embeddable":true,"href":"https:\/\/antoinesaludo.fr\/index.php?rest_route=\/wp\/v2\/users\/1"}],"replies":[{"embeddable":true,"href":"https:\/\/antoinesaludo.fr\/index.php?rest_route=%2Fwp%2Fv2%2Fcomments&post=48"}],"version-history":[{"count":5,"href":"https:\/\/antoinesaludo.fr\/index.php?rest_route=\/wp\/v2\/pages\/48\/revisions"}],"predecessor-version":[{"id":248,"href":"https:\/\/antoinesaludo.fr\/index.php?rest_route=\/wp\/v2\/pages\/48\/revisions\/248"}],"wp:attachment":[{"href":"https:\/\/antoinesaludo.fr\/index.php?rest_route=%2Fwp%2Fv2%2Fmedia&parent=48"}],"curies":[{"name":"wp","href":"https:\/\/api.w.org\/{rel}","templated":true}]}}