{"id":51,"date":"2020-08-14T21:08:19","date_gmt":"2020-08-14T19:08:19","guid":{"rendered":"https:\/\/antoinesaludo.fr\/?page_id=51"},"modified":"2020-08-15T21:42:40","modified_gmt":"2020-08-15T19:42:40","slug":"projet-gsb","status":"publish","type":"page","link":"https:\/\/antoinesaludo.fr\/?page_id=51","title":{"rendered":"Projet GSB"},"content":{"rendered":"<div data-colibri-id=\"51-c1\" class=\"style-542 style-local-51-c1 position-relative\">\n  <!---->\n  <div data-colibri-component=\"section\" data-colibri-id=\"51-c2\" id=\"custom\" class=\"h-section h-section-global-spacing d-flex align-items-lg-center align-items-md-center align-items-center style-543 style-local-51-c2 position-relative\">\n    <!---->\n    <!---->\n    <div class=\"h-section-grid-container h-section-boxed-container\">\n      <!---->\n      <div data-colibri-id=\"51-c3\" class=\"h-row-container gutters-row-lg-2 gutters-row-md-2 gutters-row-0 gutters-row-v-lg-2 gutters-row-v-md-2 gutters-row-v-2 style-544 style-local-51-c3 position-relative\">\n        <!---->\n        <div class=\"h-row justify-content-lg-center justify-content-md-center justify-content-center align-items-lg-stretch align-items-md-stretch align-items-stretch gutters-col-lg-2 gutters-col-md-2 gutters-col-0 gutters-col-v-lg-2 gutters-col-v-md-2 gutters-col-v-2\">\n          <!---->\n          <div class=\"h-column h-column-container d-flex h-col-lg-auto h-col-md-auto h-col-auto style-545-outer style-local-51-c4-outer\">\n            <div data-colibri-id=\"51-c4\" class=\"d-flex h-flex-basis h-column__inner h-px-lg-2 h-px-md-2 h-px-2 v-inner-lg-2 v-inner-md-2 v-inner-2 style-545 style-local-51-c4 position-relative\">\n              <!---->\n              <!---->\n              <div class=\"w-100 h-y-container h-column__content h-column__v-align flex-basis-100 align-self-lg-start align-self-md-start align-self-start\">\n                <!---->\n                <div data-colibri-id=\"51-c12\" class=\"h-global-transition-all h-heading style-553 style-local-51-c12 position-relative h-element\">\n                  <!---->\n                  <div class=\"h-heading__outer style-553 style-local-51-c12\">\n                    <!---->\n                    <!---->\n                    <h3 class=\"\">GSB<\/h3>\n                  <\/div>\n                <\/div>\n                <div data-colibri-id=\"51-c14\" class=\"h-global-transition-all h-heading style-555 style-local-51-c14 position-relative h-element\">\n                  <!---->\n                  <div class=\"h-heading__outer style-555 style-local-51-c14\">\n                    <!---->\n                    <!---->\n                    <h4 class=\"\">Pr\u00e9sentation de GSB<\/h4>\n                  <\/div>\n                <\/div>\n                <div data-colibri-id=\"51-c13\" class=\"h-text h-text-component style-554 style-local-51-c13 position-relative h-element\">\n                  <!---->\n                  <!---->\n                  <div class=\"\">\n                    <p><span style=\"font-size: 18px;\">L&rsquo;entreprise<\/span><\/p>\n                    <p><span style=\"font-size: 16px;\">Le laboratoire Galaxy Swiss Bourdin (GSB) est issu de la fusion entre le g\u00e9ant am\u00e9ricain Galaxy(sp\u00e9cialis\u00e9 dans le secteur des maladies virales dont le SIDA et les h\u00e9patites) et le conglom\u00e9rat europ\u00e9en Swiss Bourdin (travaillant sur des m\u00e9dicaments plus conventionnels), lui m\u00eame d\u00e9j\u00e0 union de trois petits laboratoires.En 2009, les deux g\u00e9ants pharmaceutiques ont uni leurs forces pour cr\u00e9er un leader de ce secteur industriel. L&rsquo;entit\u00e9 Galaxy Swiss Bourdin Europe a \u00e9tabli son si\u00e8ge administratif \u00e0 Paris. Le si\u00e8ge social de la multinationale est situ\u00e9 \u00e0 Philadelphie, Pennsylvanie, aux \u00c9tats-Unis d&rsquo;Am\u00e9rique.<\/span><\/p>\n                    <p><span style=\"font-size: 18px;\">L&rsquo;activit\u00e9 \u00e0 g\u00e9rer<\/span><\/p>\n                    <p><span style=\"font-size: 16px;\">L&rsquo;activit\u00e9 commerciale d&rsquo;un laboratoire pharmaceutique est principalement r\u00e9alis\u00e9e par les visiteurs m\u00e9dicaux. En effet, un m\u00e9dicament rembours\u00e9 par la s\u00e9curit\u00e9 sociale n\u2019est jamais vendu directementau consommateur mais prescrit au patient par son m\u00e9decin. Toute communication publicitaire sur les m\u00e9dicaments rembours\u00e9s est d&rsquo;ailleurs interdite par la loi. Il est donc important, pour l\u2019industrie pharmaceutique, de promouvoir ses produits directement aupr\u00e8s des praticiens. <\/span><\/p>\n                    <p><span style=\"font-size: 18px;\">La hi\u00e9rarchie<\/span>&nbsp;<\/p>\n                    <p><span style=\"font-size: 16px;\">De mani\u00e8re \u00e0 ne jamais \u00eatre loin de la base (les visiteurs m\u00e9dicaux), l&rsquo;activit\u00e9 est organis\u00e9e par secteurs g\u00e9ographiques. L&rsquo;entreprise compte 480 visiteurs m\u00e9dicaux en France m\u00e9tropolitaine (Corse comprise) et 60 dans les d\u00e9partements et territoires d&rsquo;outre-mer. Les territoires sont r\u00e9partis en 7 secteurs g\u00e9ographiques (Paris-Centre, Sud, Nord, Ouest, Est, DTOM Cara\u00efbes-Am\u00e9riques, DTOM Asie-Afrique). Une vision partielle de cette organisation est pr\u00e9sent\u00e9e ci-dessous.<\/span><\/p>\n                  <\/div>\n                <\/div>\n                <div data-colibri-id=\"51-c15\" class=\"h-global-transition-all h-heading style-556 style-local-51-c15 position-relative h-element\">\n                  <!---->\n                  <div class=\"h-heading__outer style-556 style-local-51-c15\">\n                    <!---->\n                    <!---->\n                    <h4 class=\"\">Organisation du r\u00e9seau<\/h4>\n                  <\/div>\n                <\/div>\n                <div data-colibri-id=\"51-c16\" class=\"h-text h-text-component style-557 style-local-51-c16 position-relative h-element\">\n                  <!---->\n                  <!---->\n                  <div class=\"\">\n                    <p><span style=\"font-size: 18px;\">R\u00e9partition des services<\/span><\/p>\n                    <p><span style=\"font-size: 16px;\">Chaque \u00e9tage dispose d&rsquo;une baie de brassage qui le relie par une fibre \u00e0 la baie centrale de la salle serveurs. <\/span><\/p>\n                    <p><span style=\"font-size: 16px;\">Toutes les salles de r\u00e9union sont \u00e9quip\u00e9es d&rsquo;un point d&rsquo;acc\u00e8s Wi-Fi positionn\u00e9 par d\u00e9faut dans le VLAN \u00ab\u00a0Visiteurs\u00a0\u00bb qui autorise uniquement un acc\u00e8s Internet. Les portables connect\u00e9s en Wi-Fi \u00e0 ce point d&rsquo;acc\u00e8s re\u00e7oivent ainsi une adresse IP et n&rsquo;ont, par cons\u00e9quent acc\u00e8s qu&rsquo;aux services DHCP et DNS.<\/span><\/p>\n                    <p><span style=\"font-size: 16px;\">Le point d\u2019acc\u00e8s peut \u00eatre configur\u00e9 \u00e0 la demande pour \u00eatre raccord\u00e9 \u00e0 un VLAN pr\u00e9sent au niveau de l&rsquo;\u00e9tage.<\/span><\/p>\n                    <p><span style=\"font-size: 16px;\">Chaque salle de r\u00e9union dispose d&rsquo;un vid\u00e9oprojecteur, d&rsquo;enceintes et d&rsquo;un tableau num\u00e9rique interactif.<\/span><\/p>\n                    <p><span style=\"font-size: 16px;\">La salle \u00ab\u00a0D\u00e9monstration\u00a0\u00bb est destin\u00e9e \u00e0 l&rsquo;accueil des organismes de sant\u00e9 (AFSSAPS notamment) et des partenaires scientifiques. Elle dispose de paillasses et d&rsquo;\u00e9quipements de laboratoire, en plus d&rsquo;une salle de r\u00e9union.<\/span>&nbsp;<\/p>\n                    <p><span style=\"font-size: 18px;\">Segmentation<\/span><\/p>\n                    <p><span style=\"font-size: 16px;\">L&rsquo;organisation des VLAN et de l&rsquo;adressage IP est la suivante (x=1,2,3 ou 4) : <\/span><\/p>\n                  <\/div>\n                <\/div>\n                <div data-colibri-id=\"51-c17\" class=\"d-block style-558 style-local-51-c17 position-relative h-element\">\n                  <!---->\n                  <div class=\"h-image__frame-container-outer\">\n                    <div class=\"h-image__frame-container\">\n                      <!---->\n                      <!---->\n                      <img loading=\"lazy\" decoding=\"async\" width=\"695\" height=\"233\" src=\"https:\/\/antoinesaludo.fr\/wp-content\/uploads\/2020\/08\/segmentation-vlan.png\" class=\"wp-image-333 style-558-image style-local-51-c17-image\" alt=\"\" srcset=\"https:\/\/antoinesaludo.fr\/wp-content\/uploads\/2020\/08\/segmentation-vlan.png 695w, https:\/\/antoinesaludo.fr\/wp-content\/uploads\/2020\/08\/segmentation-vlan-300x101.png 300w\" sizes=\"auto, (max-width: 695px) 100vw, 695px\" \/>\n                      <div class=\"h-image__frame h-hide-lg h-hide-md h-hide-sm style-558-frameImage style-local-51-c17-frameImage\"><\/div>\n                    <\/div>\n                  <\/div>\n                <\/div>\n                <div data-colibri-id=\"51-c18\" class=\"h-text h-text-component style-559 style-local-51-c18 position-relative h-element\">\n                  <!---->\n                  <!---->\n                  <div class=\"\">\n                    <p><span style=\"font-size: 16px;\">Les r\u00e8gles actuelles concernant les VLAN sont les suivantes :\u200b<\/span><\/p>\n                    <p>\u25ba <span style=\"font-size: 16px;\">Chaque VLAN (sauf le VLAN \u00abVisiteurs\u00bb) peut uniquement acc\u00e9der (quel que soit le protocole) aux serveurs virtualis\u00e9s;<\/span><\/p>\n                    <p>\u25ba <span style=\"font-size: 16px;\">Le VLAN \u00abVisiteurs\u00bb peut uniquement interroger les serveurs DNS et DHCP du VLAN et sortir sur internet.<\/span><\/p>\n                  <\/div>\n                <\/div>\n              <\/div>\n            <\/div>\n          <\/div>\n        <\/div>\n      <\/div>\n      <div data-colibri-id=\"51-c19\" class=\"h-row-container gutters-row-lg-2 gutters-row-md-2 gutters-row-0 gutters-row-v-lg-2 gutters-row-v-md-2 gutters-row-v-2 style-560 style-local-51-c19 position-relative\">\n        <!---->\n        <div class=\"h-row justify-content-lg-center justify-content-md-center justify-content-center align-items-lg-stretch align-items-md-stretch align-items-stretch gutters-col-lg-2 gutters-col-md-2 gutters-col-0 gutters-col-v-lg-2 gutters-col-v-md-2 gutters-col-v-2\">\n          <!---->\n          <div class=\"h-column h-column-container d-flex h-col-lg-auto h-col-md-auto h-col-auto style-561-outer style-local-51-c20-outer\">\n            <div data-colibri-id=\"51-c20\" class=\"d-flex h-flex-basis h-column__inner h-px-lg-2 h-px-md-2 h-px-2 v-inner-lg-2 v-inner-md-2 v-inner-2 style-561 style-local-51-c20 position-relative\">\n              <!---->\n              <!---->\n              <div class=\"w-100 h-y-container h-column__content h-column__v-align flex-basis-100 align-self-lg-start align-self-md-start align-self-start\">\n                <!---->\n                <div data-colibri-id=\"51-c21\" class=\"h-global-transition-all h-heading style-562 style-local-51-c21 position-relative h-element\">\n                  <!---->\n                  <div class=\"h-heading__outer style-562 style-local-51-c21\">\n                    <!---->\n                    <!---->\n                    <h4 class=\"\">Architecture du r\u00e9seau<\/h4>\n                  <\/div>\n                <\/div>\n              <\/div>\n            <\/div>\n          <\/div>\n        <\/div>\n      <\/div>\n      <div data-colibri-id=\"51-c22\" class=\"h-row-container gutters-row-lg-2 gutters-row-md-2 gutters-row-0 gutters-row-v-lg-2 gutters-row-v-md-2 gutters-row-v-2 style-563 style-local-51-c22 position-relative\">\n        <!---->\n        <div class=\"h-row justify-content-lg-center justify-content-md-center justify-content-center align-items-lg-stretch align-items-md-stretch align-items-stretch gutters-col-lg-2 gutters-col-md-2 gutters-col-0 gutters-col-v-lg-2 gutters-col-v-md-2 gutters-col-v-2\">\n          <!---->\n          <div class=\"h-column h-column-container d-flex h-col-lg-auto h-col-md-auto h-col-auto style-564-outer style-local-51-c23-outer\">\n            <div data-colibri-id=\"51-c23\" class=\"d-flex h-flex-basis h-column__inner h-px-lg-2 h-px-md-2 h-px-2 v-inner-lg-2 v-inner-md-2 v-inner-2 style-564 style-local-51-c23 position-relative\">\n              <!---->\n              <!---->\n              <div class=\"w-100 h-y-container h-column__content h-column__v-align flex-basis-100 align-self-lg-start align-self-md-start align-self-start\">\n                <!---->\n                <div data-colibri-id=\"51-c24\" class=\"h-text h-text-component style-565 style-local-51-c24 position-relative h-element\">\n                  <!---->\n                  <!---->\n                  <div class=\"\">\n                    <p><span style=\"font-size: 16px;\">L&rsquo;architecture g\u00e9n\u00e9rale du r\u00e9seau est fournie en annexe. Les serveurs sont virtualis\u00e9s sur un hyperviseur (HyperV ou Proxmox) et seront pr\u00e9sent\u00e9s au fur et \u00e0 mesure.<\/span><\/p>\n                  <\/div>\n                <\/div>\n              <\/div>\n            <\/div>\n          <\/div>\n        <\/div>\n      <\/div>\n      <div data-colibri-id=\"51-c25\" class=\"h-row-container gutters-row-lg-2 gutters-row-md-2 gutters-row-0 gutters-row-v-lg-2 gutters-row-v-md-2 gutters-row-v-2 style-566 style-local-51-c25 position-relative\">\n        <!---->\n        <div class=\"h-row justify-content-lg-center justify-content-md-center justify-content-center align-items-lg-stretch align-items-md-stretch align-items-stretch gutters-col-lg-2 gutters-col-md-2 gutters-col-0 gutters-col-v-lg-2 gutters-col-v-md-2 gutters-col-v-2\">\n          <!---->\n          <div class=\"h-column h-column-container d-flex h-col-lg-auto h-col-md-auto h-col-auto style-567-outer style-local-51-c26-outer\">\n            <div data-colibri-id=\"51-c26\" class=\"d-flex h-flex-basis h-column__inner h-px-lg-2 h-px-md-2 h-px-2 v-inner-lg-2 v-inner-md-2 v-inner-2 style-567 style-local-51-c26 position-relative\">\n              <!---->\n              <!---->\n              <div class=\"w-100 h-y-container h-column__content h-column__v-align flex-basis-100 align-self-lg-start align-self-md-start align-self-start\">\n                <!---->\n                <div data-colibri-id=\"51-c27\" class=\"d-block style-568 style-local-51-c27 position-relative h-element\">\n                  <!---->\n                  <div class=\"h-image__frame-container-outer\">\n                    <div class=\"h-image__frame-container\">\n                      <!---->\n                      <!---->\n                      <img loading=\"lazy\" decoding=\"async\" width=\"811\" height=\"405\" src=\"https:\/\/antoinesaludo.fr\/wp-content\/uploads\/2020\/08\/Schemareseau.png\" class=\"wp-image-334 style-568-image style-local-51-c27-image\" alt=\"\" srcset=\"https:\/\/antoinesaludo.fr\/wp-content\/uploads\/2020\/08\/Schemareseau.png 811w, https:\/\/antoinesaludo.fr\/wp-content\/uploads\/2020\/08\/Schemareseau-300x150.png 300w, https:\/\/antoinesaludo.fr\/wp-content\/uploads\/2020\/08\/Schemareseau-768x384.png 768w\" sizes=\"auto, (max-width: 811px) 100vw, 811px\" \/>\n                      <div class=\"h-image__frame h-hide-lg h-hide-md h-hide-sm style-568-frameImage style-local-51-c27-frameImage\"><\/div>\n                    <\/div>\n                  <\/div>\n                <\/div>\n              <\/div>\n            <\/div>\n          <\/div>\n        <\/div>\n      <\/div>\n    <\/div>\n  <\/div>\n<\/div>","protected":false},"excerpt":{"rendered":"<p>GSB Pr\u00e9sentation de GSB L&rsquo;entreprise Le laboratoire Galaxy Swiss Bourdin (GSB) est issu de la fusion entre le g\u00e9ant am\u00e9ricain Galaxy(sp\u00e9cialis\u00e9 dans le secteur des maladies virales dont le SIDA et les h\u00e9patites) et le conglom\u00e9rat europ\u00e9en Swiss Bourdin (travaillant sur des m\u00e9dicaments plus conventionnels), lui m\u00eame d\u00e9j\u00e0 union de trois petits laboratoires.En 2009, les [&hellip;]<\/p>\n","protected":false},"author":1,"featured_media":0,"parent":0,"menu_order":0,"comment_status":"closed","ping_status":"closed","template":"page-templates\/full-width-page.php","meta":{"footnotes":""},"class_list":["post-51","page","type-page","status-publish","hentry"],"_links":{"self":[{"href":"https:\/\/antoinesaludo.fr\/index.php?rest_route=\/wp\/v2\/pages\/51","targetHints":{"allow":["GET"]}}],"collection":[{"href":"https:\/\/antoinesaludo.fr\/index.php?rest_route=\/wp\/v2\/pages"}],"about":[{"href":"https:\/\/antoinesaludo.fr\/index.php?rest_route=\/wp\/v2\/types\/page"}],"author":[{"embeddable":true,"href":"https:\/\/antoinesaludo.fr\/index.php?rest_route=\/wp\/v2\/users\/1"}],"replies":[{"embeddable":true,"href":"https:\/\/antoinesaludo.fr\/index.php?rest_route=%2Fwp%2Fv2%2Fcomments&post=51"}],"version-history":[{"count":2,"href":"https:\/\/antoinesaludo.fr\/index.php?rest_route=\/wp\/v2\/pages\/51\/revisions"}],"predecessor-version":[{"id":336,"href":"https:\/\/antoinesaludo.fr\/index.php?rest_route=\/wp\/v2\/pages\/51\/revisions\/336"}],"wp:attachment":[{"href":"https:\/\/antoinesaludo.fr\/index.php?rest_route=%2Fwp%2Fv2%2Fmedia&parent=51"}],"curies":[{"name":"wp","href":"https:\/\/api.w.org\/{rel}","templated":true}]}}