{"id":52,"date":"2020-08-14T21:08:19","date_gmt":"2020-08-14T19:08:19","guid":{"rendered":"https:\/\/antoinesaludo.fr\/?page_id=52"},"modified":"2020-08-15T21:53:54","modified_gmt":"2020-08-15T19:53:54","slug":"projet-localux","status":"publish","type":"page","link":"https:\/\/antoinesaludo.fr\/?page_id=52","title":{"rendered":"Projet localux"},"content":{"rendered":"<div data-colibri-id=\"52-c1\" class=\"style-569 style-local-52-c1 position-relative\">\n  <!---->\n  <div data-colibri-component=\"section\" data-colibri-id=\"52-c2\" id=\"custom\" class=\"h-section h-section-global-spacing d-flex align-items-lg-center align-items-md-center align-items-center style-570 style-local-52-c2 position-relative\">\n    <!---->\n    <!---->\n    <div class=\"h-section-grid-container h-section-boxed-container\">\n      <!---->\n      <div data-colibri-id=\"52-c3\" class=\"h-row-container gutters-row-lg-2 gutters-row-md-2 gutters-row-0 gutters-row-v-lg-2 gutters-row-v-md-2 gutters-row-v-2 style-571 style-local-52-c3 position-relative\">\n        <!---->\n        <div class=\"h-row justify-content-lg-center justify-content-md-center justify-content-center align-items-lg-stretch align-items-md-stretch align-items-stretch gutters-col-lg-2 gutters-col-md-2 gutters-col-0 gutters-col-v-lg-2 gutters-col-v-md-2 gutters-col-v-2\">\n          <!---->\n          <div class=\"h-column h-column-container d-flex h-col-lg-auto h-col-md-auto h-col-auto style-572-outer style-local-52-c4-outer\">\n            <div data-colibri-id=\"52-c4\" class=\"d-flex h-flex-basis h-column__inner h-px-lg-2 h-px-md-2 h-px-2 v-inner-lg-2 v-inner-md-2 v-inner-2 style-572 style-local-52-c4 position-relative\">\n              <!---->\n              <!---->\n              <div class=\"w-100 h-y-container h-column__content h-column__v-align flex-basis-100 align-self-lg-start align-self-md-start align-self-start\">\n                <!---->\n                <div data-colibri-id=\"52-c5\" class=\"h-global-transition-all h-heading style-573 style-local-52-c5 position-relative h-element\">\n                  <!---->\n                  <div class=\"h-heading__outer style-573 style-local-52-c5\">\n                    <!---->\n                    <!---->\n                    <h3 class=\"\">Localux<\/h3>\n                  <\/div>\n                <\/div>\n                <div data-colibri-id=\"52-c6\" class=\"h-text h-text-component style-574 style-local-52-c6 position-relative h-element\">\n                  <!---->\n                  <!---->\n                  <div class=\"\">\n                    <p><span style=\"font-size: 16px;\">Ce projet a plusieurs objectifs p\u00e9dagogiques&nbsp;:<\/span><\/p>\n                    <p>\u25ba <span style=\"font-size: 16px;\">mettre en \u0153uvre les comp\u00e9tences d\u00e9velopp\u00e9es au cours de la formation,<\/span><\/p>\n                    <p>\u25ba <span style=\"font-size: 16px;\">placer les \u00e9tudiants dans un contexte professionnel, en \u00e9quipe,<\/span><\/p>\n                    <p>\u25ba <span style=\"font-size: 16px;\">faire le lien entre les diff\u00e9rents enseignements, \u2026<\/span><\/p>\n                    <p><span style=\"font-size: 16px;\">L&rsquo;organisation cliente&nbsp;: l\u2019entreprise de location de v\u00e9hicules Localux<\/span><\/p>\n                    <p><span style=\"font-size: 16px;\">Localux est sp\u00e9cialis\u00e9e dans la location de v\u00e9hicules haut de gamme et de luxe, avec et sans chauffeur. La soci\u00e9t\u00e9 propose des courses sur Paris et sa p\u00e9riph\u00e9rie avec des trajets pr\u00e9d\u00e9finis (d\u2019un lieu de d\u00e9part \u00e0 un lieu de destination) comme, par exemple, Paris-Versailles, Paris-Deauville, Paris-Fontainebleau, Paris-Chantilly.<\/span><\/p>\n                    <p>\n                      <br>\n                    <\/p>\n                    <p><span style=\"font-size: 16px;\">Dans une d\u00e9marche qualit\u00e9, Localux veille \u00e0 respecter les engagements suivants&nbsp;:<\/span><\/p>\n                    <p>\n                      <br>\n                    <\/p>\n                    <p>\u25ba <span style=\"font-size: 16px;\">proposer une r\u00e9servation rapide et simple 24\/24 et 7j\/7, par t\u00e9l\u00e9phone ou sur le site ;<\/span><\/p>\n                    <p>\u25ba <span style=\"font-size: 16px;\">offrir la possibilit\u00e9 de r\u00e9server un v\u00e9hicule pour un d\u00e9part imm\u00e9diat ou pour une date et une heure pr\u00e9cise&nbsp;;<\/span><\/p>\n                    <p>\u25ba <span style=\"font-size: 16px;\">\u00e9quiper les v\u00e9hicules d\u2019une tablette avec une connexion Wi-Fi et de chargeurs pour t\u00e9l\u00e9phones intelligents (smartphones)&nbsp;;<\/span><\/p>\n                    <p>\u25ba <span style=\"font-size: 16px;\">fournir des chauffeurs professionnels en ad\u00e9quation avec la qualit\u00e9 du service&nbsp;;<\/span><\/p>\n                    <p>\u25ba <span style=\"font-size: 16px;\">avertir la personne cliente, dans un d\u00e9lai respectable, en cas d\u2019annulation et proc\u00e9der \u00e0 tout remboursement, le cas \u00e9ch\u00e9ant&nbsp;;<\/span><\/p>\n                    <p>\u25ba <span style=\"font-size: 16px;\">veiller au respect des r\u00e8gles de s\u00e9curit\u00e9 en vigueur&nbsp;;<\/span><\/p>\n                    <p>\u25ba <span style=\"font-size: 16px;\">prot\u00e9ger les donn\u00e9es bancaires et personnelles et ne jamais les divulguer \u00e0 un tiers.<\/span><\/p>\n                    <p>\n                      <br>\n                    <\/p>\n                    <p><span style=\"font-size: 16px;\">Pour accompagner son activit\u00e9, Localux dispose&nbsp;:<\/span><\/p>\n                    <p>\n                      <br>\n                    <\/p>\n                    <p>\u25ba <span style=\"font-size: 16px;\">d\u2019un site \u00abwww.localuxhubert.com\u00bb qui permet la consultation de l\u2019offre et la r\u00e9servation d\u2019un v\u00e9hicule sans chauffeur ;<\/span><\/p>\n                    <p>\u25ba <span style=\"font-size: 16px;\">d\u2019une application \u00abGestActivit\u00e9\u00bb, \u00e9crite en C#, qui permet aux salari\u00e9s de Localux de suivre l&rsquo;activit\u00e9 de l\u2019entreprise. Elle propose notamment un module permettant la restitution d\u2019un v\u00e9hicule lou\u00e9.<\/span><\/p>\n                    <p>\u25ba <span style=\"font-size: 16px;\">d&rsquo;une base de donn\u00e9es qui h\u00e9berge toutes les donn\u00e9es n\u00e9cessaires \u00e0 ces deux applications&nbsp;;<\/span><\/p>\n                    <p>\u25ba <span style=\"font-size: 16px;\">d\u2019une application mobile qui permet la r\u00e9servation d\u2019un v\u00e9hicule avec chauffeur<\/span><\/p>\n                    <p><span style=\"font-size: 16px;\">&nbsp;<\/span><\/p>\n                    <p><span style=\"font-size: 16px;\">Deux types de formules sont propos\u00e9es aux clients :<\/span><\/p>\n                    <p>\u25ba <span style=\"font-size: 16px;\">les formules de type \u00ab\u00a0avec chauffeur\u00a0\u00bb qui ont toutes la m\u00eame dur\u00e9e de location&nbsp;: 24h&nbsp;;<\/span><\/p>\n                    <p>\u25ba <span style=\"font-size: 16px;\">les formules de type \u00ab\u00a0sans chauffeur\u00a0\u00bb qui permettent de louer un v\u00e9hicule pour une dur\u00e9e exprim\u00e9e en heures&nbsp;(4 heures, 24 heures, 48 heures) et un nombre de kilom\u00e8tres inclus forfaitairement.<\/span><\/p>\n                    <p>\u2192 <span style=\"font-size: 16px;\">la formule \u00ab\u00a0Forfait 4h\u00a0\u00bb donne droit \u00e0 4h pour un forfait (nombre de kilom\u00e8tres inclus) de 150 kilom\u00e8tres&nbsp;;<\/span><\/p>\n                    <p>\u2192 <span style=\"font-size: 16px;\">la formule \u00ab\u00a0Forfait 24h\u00a0\u00bb donne droit \u00e0 24h pour un forfait de 300 kilom\u00e8tres&nbsp;;<\/span><\/p>\n                    <p>\u2192 <span style=\"font-size: 16px;\">la formule \u00ab\u00a0Forfait 48h\u00a0\u00bb donne droit \u00e0 48h pour un forfait de 700 kilom\u00e8tres.<\/span><\/p>\n                    <p><span style=\"font-size: 16px;\">&nbsp;<\/span><\/p>\n                    <p><span style=\"font-size: 16px;\">Tout kilom\u00e8tre suppl\u00e9mentaire effectu\u00e9 par le client sera factur\u00e9 \u00e0 un tarif qui d\u00e9pend du mod\u00e8le du v\u00e9hicule lou\u00e9.<\/span><\/p>\n                    <p><span style=\"font-size: 16px;\">Au-del\u00e0 du forfait kilom\u00e9trique, tout kilom\u00e8tre suppl\u00e9mentaire effectu\u00e9 sera factur\u00e9 \u00e0 un tarif d\u00e9pendant du mod\u00e8le du v\u00e9hicule lou\u00e9. Par exemple, pour la location d\u2019une Renault Espace, tout kilom\u00e8tre suppl\u00e9mentaire sera factur\u00e9 3 euros. En revanche, pour une Peugeot 5008, le kilom\u00e8tre suppl\u00e9mentaire sera factur\u00e9 4 euros.<\/span><\/p>\n                    <p><span style=\"font-size: 16px;\">Si une personne cliente loue une Renault Espace avec la formule 24h, elle devra r\u00e9gler 240 euros lors de la r\u00e9servation sur le site \u00abwww.localuxhubert.com\u00bb. Si elle effectue 400 kilom\u00e8tres, elle devra donc r\u00e9gler 300 euros au titre du d\u00e9passement du forfait kilom\u00e9trique lorsqu&rsquo;elle restituera le v\u00e9hicule. En revanche, si elle n&rsquo;a pas d\u00e9pass\u00e9 le forfait kilom\u00e9trique, elle n&rsquo;aura rien \u00e0 r\u00e9gler lors de la restitution.<\/span><\/p>\n                    <p>\n                      <br>\n                    <\/p>\n                  <\/div>\n                <\/div>\n                <div data-colibri-id=\"52-c7\" class=\"h-global-transition-all h-heading style-575 style-local-52-c7 position-relative h-element\">\n                  <!---->\n                  <div class=\"h-heading__outer style-575 style-local-52-c7\">\n                    <!---->\n                    <!---->\n                    <h4 class=\"\">Contraintes li\u00e9es au d\u00e9veloppement<\/h4>\n                  <\/div>\n                <\/div>\n                <div data-colibri-id=\"52-c8\" class=\"h-text h-text-component style-576 style-local-52-c8 position-relative h-element\">\n                  <!---->\n                  <!---->\n                  <div class=\"\">\n                    <p>\n                      <br>\n                    <\/p>\n                    <p>\u25ba&nbsp;La base de donn\u00e9es sera commune aux 3 applications.<\/p>\n                    <p>\u25ba&nbsp;L\u2019utilisation d\u2019au moins un trigger est obligatoire.<\/p>\n                    <p>\u25ba&nbsp;Quelques tests unitaires devront \u00eatre utilis\u00e9s pour valider des m\u00e9thodes (il n\u2019est pas demand\u00e9 que ces tests soient exhaustifs)<\/p>\n                    <p>&nbsp;<\/p>\n                  <\/div>\n                <\/div>\n                <div data-colibri-id=\"52-c9\" class=\"h-global-transition-all h-heading style-577 style-local-52-c9 position-relative h-element\">\n                  <!---->\n                  <div class=\"h-heading__outer style-577 style-local-52-c9\">\n                    <!---->\n                    <!---->\n                    <h4 class=\"\">Le site www.localuxhubert.com<\/h4>\n                  <\/div>\n                <\/div>\n                <div data-colibri-id=\"52-c10\" class=\"h-text h-text-component style-578 style-local-52-c10 position-relative h-element\">\n                  <!---->\n                  <!---->\n                  <div class=\"\">\n                    <p>\n                      <br>\n                    <\/p>\n                    <p>La r\u00e9servation d&rsquo;une location sans chauffeur sera r\u00e9alis\u00e9e via le site \u00abwww.localuxhubert.com\u00bb. Le formulaire de r\u00e9servation proposera \u00e0 la client\u00e8le de choisir la formule et le mod\u00e8le de v\u00e9hicule souhait\u00e9s. Un v\u00e9hicule, correspondant\n                      au mod\u00e8le choisi par la personne cliente, sera affect\u00e9 automatiquement.<\/p>\n                    <p>Lorsque la personne cliente aura fourni les renseignements (date et jour pr\u00e9vus pour le d\u00e9part) n\u00e9cessaires au dossier de location, elle devra proc\u00e9der au r\u00e8glement (la date et l\u2019heure de location seront renseign\u00e9s automatiquement\n                      en fonction de la date\/heure actuelle).<\/p>\n                    <p>&nbsp;Remarque&nbsp;: la disponibilit\u00e9 des v\u00e9hicules n\u2019est pas g\u00e9r\u00e9e.<\/p>\n                    <p>&nbsp;<\/p>\n                  <\/div>\n                <\/div>\n                <div data-colibri-id=\"52-c11\" class=\"h-global-transition-all h-heading style-579 style-local-52-c11 position-relative h-element\">\n                  <!---->\n                  <div class=\"h-heading__outer style-579 style-local-52-c11\">\n                    <!---->\n                    <!---->\n                    <h4 class=\"\">L\u2019application Windows GestActivite : module de retour du v\u00e9hicule sans chauffeur<\/h4>\n                  <\/div>\n                <\/div>\n                <div data-colibri-id=\"52-c12\" class=\"h-text h-text-component style-580 style-local-52-c12 position-relative h-element\">\n                  <!---->\n                  <!---->\n                  <div class=\"\">\n                    <p>\n                      <br>\n                    <\/p>\n                    <p>Ce module, d\u00e9velopp\u00e9 avec Winforms\/Dotnet, sera install\u00e9 sur les PC Windows 10 de l\u2019atelier. Il permettra \u00e0 l&#8217;employ\u00e9 de Localux en charge du retour du v\u00e9hicule de saisir le kilom\u00e9trage apparaissant au compteur, de saisir et d\u2019\u00e9diter\n                      un \u00ab&nbsp;\u00e9tat des lieux&nbsp;\u00bb du v\u00e9hicule. Ce document sera sign\u00e9 par le client.<\/p>\n                    <p>&nbsp;<\/p>\n                    <p>L\u2019employ\u00e9 de Localux qui r\u00e9ceptionnera le v\u00e9hicule \u00e0 la fin de la location sans chauffeur devra v\u00e9rifier son \u00e9tat. L&rsquo;application \u00abGestActivit\u00e9\u00bb sera utilis\u00e9e pour pouvoir enregistrer les diff\u00e9rents dommages et leur degr\u00e9 de gravit\u00e9\n                      constat\u00e9s lors de la restitution du v\u00e9hicule. Un rapport d&rsquo;\u00e9tat (document 1) du v\u00e9hicule apr\u00e8s la location sera \u00e9dit\u00e9 par Localux et sign\u00e9 par la personne cliente pour approbation.<\/p>\n                    <p>La diff\u00e9rence entre l&rsquo;\u00e9tat avant la location et apr\u00e8s la location sert \u00e0 d\u00e9terminer si des dommages sont \u00e0 imputer \u00e0 la location. Dans ce cas, l\u2019employ\u00e9 qui r\u00e9ceptionne le v\u00e9hicule d\u00e9termine un co\u00fbt estimatif.<\/p>\n                    <p>La date et l\u2019heure de restitution seront renseign\u00e9s automatiquement en fonction de la date\/heure de l\u2019\u00e9dition du PDF.<\/p>\n                    <p>&nbsp;<\/p>\n                    <p>Ressources (g\u00e9n\u00e9ration PDF)&nbsp;:<\/p>\n                    <p>\n                      <a href=\"https:\/\/www.supinfo.com\/articles\/single\/3969-generer-pdf-c\" style=\"color: windowtext;\" target=\"_blank\" class=\"customize-unpreviewable\" rel=\"noopener noreferrer\">\n                        <u>https:\/\/www.supinfo.com\/articles\/single\/3969-generer-pdf-c<\/u>\n                      <\/a>\n                    <\/p>\n                    <p>\n                      <a href=\"https:\/\/stackoverflow.com\/questions\/15040869\/how-i-get-data-of-datagridview-in-pdf-in-c-sharp\" style=\"color: windowtext;\" target=\"_blank\" class=\"customize-unpreviewable\" rel=\"noopener noreferrer\">\n                        <u>https:\/\/stackoverflow.com\/questions\/15040869\/how-i-get-data-of-datagridview-in-pdf-in-c-sharp<\/u>\n                      <\/a>\n                    <\/p>\n                    <p>&nbsp;<\/p>\n                  <\/div>\n                <\/div>\n                <div data-colibri-id=\"52-c13\" class=\"h-global-transition-all h-heading style-581 style-local-52-c13 position-relative h-element\">\n                  <!---->\n                  <div class=\"h-heading__outer style-581 style-local-52-c13\">\n                    <!---->\n                    <!---->\n                    <h4 class=\"\">L\u2019application mobile<\/h4>\n                  <\/div>\n                <\/div>\n                <div data-colibri-id=\"52-c14\" class=\"h-text h-text-component style-582 style-local-52-c14 position-relative h-element\">\n                  <!---->\n                  <!---->\n                  <div class=\"\">\n                    <p>\n                      <br>\n                    <\/p>\n                    <p>Cette application devra permettre aux clients de r\u00e9server un v\u00e9hicule avec chauffeur. L\u2019application devra permettre \u00e0 l\u2019utilisateur d\u2019afficher la liste des v\u00e9hicules avec chauffeur disponibles en fonction d\u2019une date saisie par l\u2019utilisateur.\n                      L\u2019utilisateur pourra alors choisir dans la liste le v\u00e9hicule avec chauffeur qui l\u2019int\u00e9resse, saisir la date et l\u2019heure de d\u00e9part pr\u00e9vues, et la date de la location pour proc\u00e9der \u00e0 l\u2019enregistrement de la location.<\/p>\n                    <p>\u200b<\/p>\n                    <p>L\u2019infrastructure \u00e0 mettre en place est la suivante&nbsp;:&nbsp;<\/p>\n                  <\/div>\n                <\/div>\n                <div data-colibri-id=\"52-c15\" class=\"d-block style-583 style-local-52-c15 position-relative h-element\">\n                  <!---->\n                  <div class=\"h-image__frame-container-outer\">\n                    <div class=\"h-image__frame-container\">\n                      <!---->\n                      <!---->\n                      <img loading=\"lazy\" decoding=\"async\" width=\"772\" height=\"541\" src=\"https:\/\/antoinesaludo.fr\/wp-content\/uploads\/2020\/08\/Schema.png\" class=\"wp-image-342 style-583-image style-local-52-c15-image\" alt=\"\" srcset=\"https:\/\/antoinesaludo.fr\/wp-content\/uploads\/2020\/08\/Schema.png 772w, https:\/\/antoinesaludo.fr\/wp-content\/uploads\/2020\/08\/Schema-300x210.png 300w, https:\/\/antoinesaludo.fr\/wp-content\/uploads\/2020\/08\/Schema-768x538.png 768w\" sizes=\"auto, (max-width: 772px) 100vw, 772px\" \/>\n                      <div class=\"h-image__frame h-hide-lg h-hide-md h-hide-sm style-583-frameImage style-local-52-c15-frameImage\"><\/div>\n                    <\/div>\n                  <\/div>\n                <\/div>\n              <\/div>\n            <\/div>\n          <\/div>\n        <\/div>\n      <\/div>\n    <\/div>\n  <\/div>\n<\/div>","protected":false},"excerpt":{"rendered":"<p>Localux Ce projet a plusieurs objectifs p\u00e9dagogiques&nbsp;: \u25ba mettre en \u0153uvre les comp\u00e9tences d\u00e9velopp\u00e9es au cours de la formation, \u25ba placer les \u00e9tudiants dans un contexte professionnel, en \u00e9quipe, \u25ba faire le lien entre les diff\u00e9rents enseignements, \u2026 L&rsquo;organisation cliente&nbsp;: l\u2019entreprise de location de v\u00e9hicules Localux Localux est sp\u00e9cialis\u00e9e dans la location de v\u00e9hicules haut [&hellip;]<\/p>\n","protected":false},"author":1,"featured_media":0,"parent":0,"menu_order":0,"comment_status":"closed","ping_status":"closed","template":"page-templates\/full-width-page.php","meta":{"footnotes":""},"class_list":["post-52","page","type-page","status-publish","hentry"],"_links":{"self":[{"href":"https:\/\/antoinesaludo.fr\/index.php?rest_route=\/wp\/v2\/pages\/52","targetHints":{"allow":["GET"]}}],"collection":[{"href":"https:\/\/antoinesaludo.fr\/index.php?rest_route=\/wp\/v2\/pages"}],"about":[{"href":"https:\/\/antoinesaludo.fr\/index.php?rest_route=\/wp\/v2\/types\/page"}],"author":[{"embeddable":true,"href":"https:\/\/antoinesaludo.fr\/index.php?rest_route=\/wp\/v2\/users\/1"}],"replies":[{"embeddable":true,"href":"https:\/\/antoinesaludo.fr\/index.php?rest_route=%2Fwp%2Fv2%2Fcomments&post=52"}],"version-history":[{"count":2,"href":"https:\/\/antoinesaludo.fr\/index.php?rest_route=\/wp\/v2\/pages\/52\/revisions"}],"predecessor-version":[{"id":344,"href":"https:\/\/antoinesaludo.fr\/index.php?rest_route=\/wp\/v2\/pages\/52\/revisions\/344"}],"wp:attachment":[{"href":"https:\/\/antoinesaludo.fr\/index.php?rest_route=%2Fwp%2Fv2%2Fmedia&parent=52"}],"curies":[{"name":"wp","href":"https:\/\/api.w.org\/{rel}","templated":true}]}}